{"id":286,"date":"2024-05-08T17:15:17","date_gmt":"2024-05-08T15:15:17","guid":{"rendered":"https:\/\/andalucialovers.com\/fanny-auffret\/"},"modified":"2024-05-08T17:15:30","modified_gmt":"2024-05-08T15:15:30","slug":"fanny-auffret","status":"publish","type":"page","link":"https:\/\/andalucialovers.com\/de\/fanny-auffret\/","title":{"rendered":"\u00dcber Fanny AUFFRET"},"content":{"rendered":"\n<p>Wir stellen Ihnen Fanny vor, eine Mitarbeiterin von Region Lovers, einem fr\u00f6hlichen Unternehmen, das seit \u00fcber zehn Jahren die Welt bereist, um Ihnen zertifizierte, qualitativ hochwertige und n\u00fctzliche Informationen zu liefern. Wir m\u00f6chten Ihnen helfen, Entscheidungen zu treffen, damit Sie eine Reise zusammenstellen k\u00f6nnen, die zu Ihnen passt.<\/p>\n\n<p>Das Team w\u00e4chst im Laufe der Jahre, aber Fanny h\u00e4lt sich wie alle Autoren von Region Lovers an einen Rahmen und an Werte, um unseren Vertrauensvertrag mit unseren Lesern zu erf\u00fcllen. Dennoch und gl\u00fccklicherweise ist jeder Artikel immer auch ein Spiegelbild seines Autors und seiner Leidenschaften.<\/p>\n<div class=\"wp-block-image\">\n<figure class=\"aligncenter size-large\"><img decoding=\"async\" src=\"https:\/\/photos.smugmug.com\/Region-Lovers\/Equipe\/i-b86hwDm\/0\/6733e593\/L\/fanny-L.jpg\" alt=\"\"\/><\/figure>\n<\/div>\n<h2 class=\"wp-block-heading\">Ihr Werdegang<\/h2>\n\n<ul class=\"wp-block-list\">\n<li>Eine kulturorientierte Ausbildung (Bachelor in Kunstgeschichte und Master in Management und touristischer Aufwertung des Kulturerbes).<\/li>\n\n\n\n<li>Berufserfahrung in verschiedenen Strukturen des Kultursektors (Rodin Museum, Paris Museen&#8230;).  <\/li>\n\n\n\n<li>Sie hat sich im April 2023 dem Abenteuer Region Lovers angeschlossen!<\/li>\n<\/ul>\n\n<p class=\"has-text-align-left\">Entdecken Sie Ihr <a href=\"https:\/\/www.linkedin.com\/in\/fanny-auffret-6377b11a7\/\" target=\"_blank\" rel=\"noreferrer noopener\">Linkedin-Profil<\/a><\/p>\n\n<h2 class=\"wp-block-heading\">Was sie besonders gerne schreibt<\/h2>\n\n<ul class=\"wp-block-list\">\n<li>Artikel \u00fcber Museen, Schl\u00f6sser und Kathedralen, um seine Leidenschaft f\u00fcr die Kunstgeschichte mit Ihnen zu teilen.<\/li>\n\n\n\n<li>Artikel \u00fcber Reiseziele im Winter, da sie ein Fan von Reisen au\u00dferhalb der Saison ist.  <\/li>\n\n\n\n<li>Es lohnt sich, Artikel zu lesen, die die Vorz\u00fcge eines Reiseziels zusammenfassen: Sie sind ideal, um Sie zu inspirieren und Ihnen bei der Wahl Ihrer n\u00e4chsten Reise zu helfen!  <\/li>\n<\/ul>\n","protected":false},"excerpt":{"rendered":"<p>Wir stellen Ihnen Fanny vor, eine Mitarbeiterin von Region Lovers, einem fr\u00f6hlichen Unternehmen, das seit \u00fcber zehn Jahren die Welt bereist, um Ihnen zertifizierte, qualitativ hochwertige und n\u00fctzliche Informationen zu liefern. Wir m\u00f6chten Ihnen helfen, Entscheidungen zu treffen, damit Sie eine Reise zusammenstellen k\u00f6nnen, die zu Ihnen passt. Das Team w\u00e4chst im Laufe der Jahre, [&hellip;]<\/p>\n","protected":false},"author":1,"featured_media":0,"parent":0,"menu_order":0,"comment_status":"closed","ping_status":"closed","template":"","meta":{"_genesis_hide_title":false,"_genesis_hide_breadcrumbs":false,"_genesis_hide_singular_image":false,"_genesis_hide_footer_widgets":false,"_genesis_custom_body_class":"","_genesis_custom_post_class":"","_genesis_layout":"","footnotes":""},"class_list":{"0":"post-286","1":"page","2":"type-page","3":"status-publish","5":"entry"},"yoast_head":"<!-- This site is optimized with the Yoast SEO plugin v27.5 - https:\/\/yoast.com\/product\/yoast-seo-wordpress\/ -->\n<title>\u00dcber Fanny AUFFRET<\/title>\n<meta name=\"description\" content=\"\u00dcber Fanny Auffret, Redaktionelle Projektmanagerin bei Region Lovers\" \/>\n<meta name=\"robots\" content=\"index, follow, max-snippet:-1, max-image-preview:large, max-video-preview:-1\" \/>\n<link rel=\"canonical\" href=\"https:\/\/andalucialovers.com\/de\/fanny-auffret\/\" \/>\n<meta property=\"og:locale\" content=\"de_DE\" \/>\n<meta property=\"og:type\" content=\"article\" \/>\n<meta property=\"og:title\" content=\"\u00dcber Fanny AUFFRET\" \/>\n<meta property=\"og:description\" content=\"\u00dcber Fanny Auffret, Redaktionelle Projektmanagerin bei Region Lovers\" \/>\n<meta property=\"og:url\" content=\"https:\/\/andalucialovers.com\/de\/fanny-auffret\/\" \/>\n<meta property=\"og:site_name\" content=\"Andalucia Lovers\" \/>\n<meta property=\"article:modified_time\" content=\"2024-05-08T15:15:30+00:00\" \/>\n<meta property=\"og:image\" content=\"https:\/\/photos.smugmug.com\/Region-Lovers\/Equipe\/i-b86hwDm\/0\/6733e593\/L\/fanny-L.jpg\" \/>\n<meta name=\"twitter:card\" content=\"summary_large_image\" \/>\n<meta name=\"twitter:label1\" content=\"Gesch\u00e4tzte Lesezeit\" \/>\n\t<meta name=\"twitter:data1\" content=\"1 Minute\" \/>\n<script type=\"application\/ld+json\" class=\"yoast-schema-graph\">{\"@context\":\"https:\\\/\\\/schema.org\",\"@graph\":[{\"@type\":\"WebPage\",\"@id\":\"https:\\\/\\\/andalucialovers.com\\\/de\\\/fanny-auffret\\\/\",\"url\":\"https:\\\/\\\/andalucialovers.com\\\/de\\\/fanny-auffret\\\/\",\"name\":\"\u00dcber Fanny AUFFRET\",\"isPartOf\":{\"@id\":\"https:\\\/\\\/andalucialovers.com\\\/de\\\/#website\"},\"primaryImageOfPage\":{\"@id\":\"https:\\\/\\\/andalucialovers.com\\\/de\\\/fanny-auffret\\\/#primaryimage\"},\"image\":{\"@id\":\"https:\\\/\\\/andalucialovers.com\\\/de\\\/fanny-auffret\\\/#primaryimage\"},\"thumbnailUrl\":\"https:\\\/\\\/photos.smugmug.com\\\/Region-Lovers\\\/Equipe\\\/i-b86hwDm\\\/0\\\/6733e593\\\/L\\\/fanny-L.jpg\",\"datePublished\":\"2024-05-08T15:15:17+00:00\",\"dateModified\":\"2024-05-08T15:15:30+00:00\",\"description\":\"\u00dcber Fanny Auffret, Redaktionelle Projektmanagerin bei Region Lovers\",\"breadcrumb\":{\"@id\":\"https:\\\/\\\/andalucialovers.com\\\/de\\\/fanny-auffret\\\/#breadcrumb\"},\"inLanguage\":\"de-DE\",\"potentialAction\":[{\"@type\":\"ReadAction\",\"target\":[\"https:\\\/\\\/andalucialovers.com\\\/de\\\/fanny-auffret\\\/\"]}]},{\"@type\":\"ImageObject\",\"inLanguage\":\"de-DE\",\"@id\":\"https:\\\/\\\/andalucialovers.com\\\/de\\\/fanny-auffret\\\/#primaryimage\",\"url\":\"https:\\\/\\\/photos.smugmug.com\\\/Region-Lovers\\\/Equipe\\\/i-b86hwDm\\\/0\\\/6733e593\\\/L\\\/fanny-L.jpg\",\"contentUrl\":\"https:\\\/\\\/photos.smugmug.com\\\/Region-Lovers\\\/Equipe\\\/i-b86hwDm\\\/0\\\/6733e593\\\/L\\\/fanny-L.jpg\"},{\"@type\":\"BreadcrumbList\",\"@id\":\"https:\\\/\\\/andalucialovers.com\\\/de\\\/fanny-auffret\\\/#breadcrumb\",\"itemListElement\":[{\"@type\":\"ListItem\",\"position\":1,\"name\":\"Accueil\",\"item\":\"https:\\\/\\\/andalucialovers.com\\\/de\\\/\"},{\"@type\":\"ListItem\",\"position\":2,\"name\":\"\u00dcber Fanny AUFFRET\"}]},{\"@type\":\"WebSite\",\"@id\":\"https:\\\/\\\/andalucialovers.com\\\/de\\\/#website\",\"url\":\"https:\\\/\\\/andalucialovers.com\\\/de\\\/\",\"name\":\"Andalucia Lovers\",\"description\":\"Le blog de Claire et Manu\",\"publisher\":{\"@id\":\"https:\\\/\\\/andalucialovers.com\\\/de\\\/#organization\"},\"potentialAction\":[{\"@type\":\"SearchAction\",\"target\":{\"@type\":\"EntryPoint\",\"urlTemplate\":\"https:\\\/\\\/andalucialovers.com\\\/de\\\/?s={search_term_string}\"},\"query-input\":{\"@type\":\"PropertyValueSpecification\",\"valueRequired\":true,\"valueName\":\"search_term_string\"}}],\"inLanguage\":\"de-DE\"},{\"@type\":\"Organization\",\"@id\":\"https:\\\/\\\/andalucialovers.com\\\/de\\\/#organization\",\"name\":\"Andalucia Lovers\",\"url\":\"https:\\\/\\\/andalucialovers.com\\\/de\\\/\",\"logo\":{\"@type\":\"ImageObject\",\"inLanguage\":\"de-DE\",\"@id\":\"https:\\\/\\\/andalucialovers.com\\\/de\\\/#\\\/schema\\\/logo\\\/image\\\/\",\"url\":\"https:\\\/\\\/andalucialovers.com\\\/wp-content\\\/uploads\\\/2024\\\/05\\\/cropped-Andalucia-Lovers-Logo.png\",\"contentUrl\":\"https:\\\/\\\/andalucialovers.com\\\/wp-content\\\/uploads\\\/2024\\\/05\\\/cropped-Andalucia-Lovers-Logo.png\",\"width\":2804,\"height\":481,\"caption\":\"Andalucia Lovers\"},\"image\":{\"@id\":\"https:\\\/\\\/andalucialovers.com\\\/de\\\/#\\\/schema\\\/logo\\\/image\\\/\"}}]}<\/script>\n<!-- \/ Yoast SEO plugin. -->","yoast_head_json":{"title":"\u00dcber Fanny AUFFRET","description":"\u00dcber Fanny Auffret, Redaktionelle Projektmanagerin bei Region Lovers","robots":{"index":"index","follow":"follow","max-snippet":"max-snippet:-1","max-image-preview":"max-image-preview:large","max-video-preview":"max-video-preview:-1"},"canonical":"https:\/\/andalucialovers.com\/de\/fanny-auffret\/","og_locale":"de_DE","og_type":"article","og_title":"\u00dcber Fanny AUFFRET","og_description":"\u00dcber Fanny Auffret, Redaktionelle Projektmanagerin bei Region Lovers","og_url":"https:\/\/andalucialovers.com\/de\/fanny-auffret\/","og_site_name":"Andalucia Lovers","article_modified_time":"2024-05-08T15:15:30+00:00","og_image":[{"url":"https:\/\/photos.smugmug.com\/Region-Lovers\/Equipe\/i-b86hwDm\/0\/6733e593\/L\/fanny-L.jpg","type":"","width":"","height":""}],"twitter_card":"summary_large_image","twitter_misc":{"Gesch\u00e4tzte Lesezeit":"1 Minute"},"schema":{"@context":"https:\/\/schema.org","@graph":[{"@type":"WebPage","@id":"https:\/\/andalucialovers.com\/de\/fanny-auffret\/","url":"https:\/\/andalucialovers.com\/de\/fanny-auffret\/","name":"\u00dcber Fanny AUFFRET","isPartOf":{"@id":"https:\/\/andalucialovers.com\/de\/#website"},"primaryImageOfPage":{"@id":"https:\/\/andalucialovers.com\/de\/fanny-auffret\/#primaryimage"},"image":{"@id":"https:\/\/andalucialovers.com\/de\/fanny-auffret\/#primaryimage"},"thumbnailUrl":"https:\/\/photos.smugmug.com\/Region-Lovers\/Equipe\/i-b86hwDm\/0\/6733e593\/L\/fanny-L.jpg","datePublished":"2024-05-08T15:15:17+00:00","dateModified":"2024-05-08T15:15:30+00:00","description":"\u00dcber Fanny Auffret, Redaktionelle Projektmanagerin bei Region Lovers","breadcrumb":{"@id":"https:\/\/andalucialovers.com\/de\/fanny-auffret\/#breadcrumb"},"inLanguage":"de-DE","potentialAction":[{"@type":"ReadAction","target":["https:\/\/andalucialovers.com\/de\/fanny-auffret\/"]}]},{"@type":"ImageObject","inLanguage":"de-DE","@id":"https:\/\/andalucialovers.com\/de\/fanny-auffret\/#primaryimage","url":"https:\/\/photos.smugmug.com\/Region-Lovers\/Equipe\/i-b86hwDm\/0\/6733e593\/L\/fanny-L.jpg","contentUrl":"https:\/\/photos.smugmug.com\/Region-Lovers\/Equipe\/i-b86hwDm\/0\/6733e593\/L\/fanny-L.jpg"},{"@type":"BreadcrumbList","@id":"https:\/\/andalucialovers.com\/de\/fanny-auffret\/#breadcrumb","itemListElement":[{"@type":"ListItem","position":1,"name":"Accueil","item":"https:\/\/andalucialovers.com\/de\/"},{"@type":"ListItem","position":2,"name":"\u00dcber Fanny AUFFRET"}]},{"@type":"WebSite","@id":"https:\/\/andalucialovers.com\/de\/#website","url":"https:\/\/andalucialovers.com\/de\/","name":"Andalucia Lovers","description":"Le blog de Claire et Manu","publisher":{"@id":"https:\/\/andalucialovers.com\/de\/#organization"},"potentialAction":[{"@type":"SearchAction","target":{"@type":"EntryPoint","urlTemplate":"https:\/\/andalucialovers.com\/de\/?s={search_term_string}"},"query-input":{"@type":"PropertyValueSpecification","valueRequired":true,"valueName":"search_term_string"}}],"inLanguage":"de-DE"},{"@type":"Organization","@id":"https:\/\/andalucialovers.com\/de\/#organization","name":"Andalucia Lovers","url":"https:\/\/andalucialovers.com\/de\/","logo":{"@type":"ImageObject","inLanguage":"de-DE","@id":"https:\/\/andalucialovers.com\/de\/#\/schema\/logo\/image\/","url":"https:\/\/andalucialovers.com\/wp-content\/uploads\/2024\/05\/cropped-Andalucia-Lovers-Logo.png","contentUrl":"https:\/\/andalucialovers.com\/wp-content\/uploads\/2024\/05\/cropped-Andalucia-Lovers-Logo.png","width":2804,"height":481,"caption":"Andalucia Lovers"},"image":{"@id":"https:\/\/andalucialovers.com\/de\/#\/schema\/logo\/image\/"}}]}},"featured_image_src":null,"featured_image_src_square":null,"_links":{"self":[{"href":"https:\/\/andalucialovers.com\/de\/wp-json\/wp\/v2\/pages\/286","targetHints":{"allow":["GET"]}}],"collection":[{"href":"https:\/\/andalucialovers.com\/de\/wp-json\/wp\/v2\/pages"}],"about":[{"href":"https:\/\/andalucialovers.com\/de\/wp-json\/wp\/v2\/types\/page"}],"author":[{"embeddable":true,"href":"https:\/\/andalucialovers.com\/de\/wp-json\/wp\/v2\/users\/1"}],"replies":[{"embeddable":true,"href":"https:\/\/andalucialovers.com\/de\/wp-json\/wp\/v2\/comments?post=286"}],"version-history":[{"count":0,"href":"https:\/\/andalucialovers.com\/de\/wp-json\/wp\/v2\/pages\/286\/revisions"}],"wp:attachment":[{"href":"https:\/\/andalucialovers.com\/de\/wp-json\/wp\/v2\/media?parent=286"}],"curies":[{"name":"wp","href":"https:\/\/api.w.org\/{rel}","templated":true}]}}