{"id":296,"date":"2024-05-08T17:17:00","date_gmt":"2024-05-08T15:17:00","guid":{"rendered":"https:\/\/andalucialovers.com\/clara-balayer\/"},"modified":"2024-05-08T17:17:12","modified_gmt":"2024-05-08T15:17:12","slug":"clara-balayer","status":"publish","type":"page","link":"https:\/\/andalucialovers.com\/pt-pt\/clara-balayer\/","title":{"rendered":"Sobre Clara BALAYER"},"content":{"rendered":"\n<p>Conhe\u00e7a a Clara, uma funcion\u00e1ria da Region Lovers, uma empresa feliz que viaja pelo mundo h\u00e1 mais de 10 anos para lhe trazer informa\u00e7\u00f5es certificadas, de qualidade e \u00fateis. Queremos ajud\u00e1-lo a fazer as escolhas necess\u00e1rias para construir uma viagem \u00e0 sua medida.<\/p>\n\n<p>A equipa cresceu ao longo dos anos, mas a Clara, tal como todos os autores da Region Lovers, segue uma estrutura e valores que nos permitem cumprir o nosso contrato de confian\u00e7a com os nossos leitores. Felizmente, por\u00e9m, cada artigo \u00e9 sempre um reflexo do seu autor e das suas paix\u00f5es.<\/p>\n<div class=\"wp-block-image\">\n<figure class=\"aligncenter size-large\"><img decoding=\"async\" src=\"https:\/\/photos.smugmug.com\/Region-Lovers\/Equipe\/i-SdbN5X8\/0\/ca77fa2c\/L\/clara-L.jpg\" alt=\"\"\/><\/figure>\n<\/div>\n<h2 class=\"wp-block-heading\">A sua carreira<\/h2>\n\n<ul class=\"wp-block-list\">\n<li>Uma forma\u00e7\u00e3o em literatura e semiologia, complementada por um mestrado em gest\u00e3o cultural.<\/li>\n\n\n\n<li>1 ano como guia-mediador em Paris, Bruxelas e Veneza.<\/li>\n\n\n\n<li>6 anos ao servi\u00e7o de institui\u00e7\u00f5es culturais (museus, funda\u00e7\u00f5es, start-ups, terceiros lugares) com \u00eanfase no desenvolvimento de parcerias.<\/li>\n\n\n\n<li>Depois de uma volta ao mundo, decidiu combinar a sua paix\u00e3o pelas viagens e pela escrita, juntando-se \u00e0 aventura da R\u00e9gion Lovers em janeiro de 2024!<\/li>\n<\/ul>\n\n<p class=\"has-text-align-left\">Descubra o seu <a href=\"https:\/\/www.linkedin.com\/in\/clara-balayer\/\" target=\"_blank\" rel=\"noreferrer noopener\">perfil no Linkedin<\/a><\/p>\n\n<h2 class=\"wp-block-heading\">O que gosta particularmente de escrever<\/h2>\n\n<ul class=\"wp-block-list\">\n<li>A deforma\u00e7\u00e3o profissional obriga: artigos dedicados a espa\u00e7os culturais onde pode aprofundar o significado das obras e mergulhar no mundo dos artistas.<\/li>\n\n\n\n<li>Artigos sobre jardins para onde gostaria de se teletransportar imediatamente, ao estilo Mary Poppins!<\/li>\n\n\n\n<li>Os novos formatos inovadores que est\u00e1 a come\u00e7ar a trabalhar para lhe trazer as melhores ofertas e not\u00edcias das cidades (street-food, street-art, exposi\u00e7\u00f5es e quaisquer outras boas ofertas locais).<\/li>\n<\/ul>\n","protected":false},"excerpt":{"rendered":"<p>Conhe\u00e7a a Clara, uma funcion\u00e1ria da Region Lovers, uma empresa feliz que viaja pelo mundo h\u00e1 mais de 10 anos para lhe trazer informa\u00e7\u00f5es certificadas, de qualidade e \u00fateis. Queremos ajud\u00e1-lo a fazer as escolhas necess\u00e1rias para construir uma viagem \u00e0 sua medida. A equipa cresceu ao longo dos anos, mas a Clara, tal como [&hellip;]<\/p>\n","protected":false},"author":1,"featured_media":0,"parent":0,"menu_order":0,"comment_status":"closed","ping_status":"closed","template":"","meta":{"_genesis_hide_title":false,"_genesis_hide_breadcrumbs":false,"_genesis_hide_singular_image":false,"_genesis_hide_footer_widgets":false,"_genesis_custom_body_class":"","_genesis_custom_post_class":"","_genesis_layout":"","footnotes":""},"class_list":{"0":"post-296","1":"page","2":"type-page","3":"status-publish","5":"entry"},"yoast_head":"<!-- This site is optimized with the Yoast SEO plugin v27.5 - https:\/\/yoast.com\/product\/yoast-seo-wordpress\/ -->\n<title>Sobre Clara BALAYER<\/title>\n<meta name=\"description\" content=\"Sobre Clara Balayer, gestora de projectos editoriais na Region Lovers\" \/>\n<meta name=\"robots\" content=\"index, follow, max-snippet:-1, max-image-preview:large, max-video-preview:-1\" \/>\n<link rel=\"canonical\" href=\"https:\/\/andalucialovers.com\/pt-pt\/clara-balayer\/\" \/>\n<meta property=\"og:locale\" content=\"pt_PT\" \/>\n<meta property=\"og:type\" content=\"article\" \/>\n<meta property=\"og:title\" content=\"Sobre Clara BALAYER\" \/>\n<meta property=\"og:description\" content=\"Sobre Clara Balayer, gestora de projectos editoriais na Region Lovers\" \/>\n<meta property=\"og:url\" content=\"https:\/\/andalucialovers.com\/pt-pt\/clara-balayer\/\" \/>\n<meta property=\"og:site_name\" content=\"Andalucia Lovers\" \/>\n<meta property=\"article:modified_time\" content=\"2024-05-08T15:17:12+00:00\" \/>\n<meta property=\"og:image\" content=\"https:\/\/photos.smugmug.com\/Region-Lovers\/Equipe\/i-SdbN5X8\/0\/ca77fa2c\/L\/clara-L.jpg\" \/>\n<meta name=\"twitter:card\" content=\"summary_large_image\" \/>\n<meta name=\"twitter:label1\" content=\"Tempo estimado de leitura\" \/>\n\t<meta name=\"twitter:data1\" content=\"1 minuto\" \/>\n<script type=\"application\/ld+json\" class=\"yoast-schema-graph\">{\"@context\":\"https:\\\/\\\/schema.org\",\"@graph\":[{\"@type\":\"WebPage\",\"@id\":\"https:\\\/\\\/andalucialovers.com\\\/pt-pt\\\/clara-balayer\\\/\",\"url\":\"https:\\\/\\\/andalucialovers.com\\\/pt-pt\\\/clara-balayer\\\/\",\"name\":\"Sobre Clara BALAYER\",\"isPartOf\":{\"@id\":\"https:\\\/\\\/andalucialovers.com\\\/pt-pt\\\/#website\"},\"primaryImageOfPage\":{\"@id\":\"https:\\\/\\\/andalucialovers.com\\\/pt-pt\\\/clara-balayer\\\/#primaryimage\"},\"image\":{\"@id\":\"https:\\\/\\\/andalucialovers.com\\\/pt-pt\\\/clara-balayer\\\/#primaryimage\"},\"thumbnailUrl\":\"https:\\\/\\\/photos.smugmug.com\\\/Region-Lovers\\\/Equipe\\\/i-SdbN5X8\\\/0\\\/ca77fa2c\\\/L\\\/clara-L.jpg\",\"datePublished\":\"2024-05-08T15:17:00+00:00\",\"dateModified\":\"2024-05-08T15:17:12+00:00\",\"description\":\"Sobre Clara Balayer, gestora de projectos editoriais na Region Lovers\",\"breadcrumb\":{\"@id\":\"https:\\\/\\\/andalucialovers.com\\\/pt-pt\\\/clara-balayer\\\/#breadcrumb\"},\"inLanguage\":\"pt-PT\",\"potentialAction\":[{\"@type\":\"ReadAction\",\"target\":[\"https:\\\/\\\/andalucialovers.com\\\/pt-pt\\\/clara-balayer\\\/\"]}]},{\"@type\":\"ImageObject\",\"inLanguage\":\"pt-PT\",\"@id\":\"https:\\\/\\\/andalucialovers.com\\\/pt-pt\\\/clara-balayer\\\/#primaryimage\",\"url\":\"https:\\\/\\\/photos.smugmug.com\\\/Region-Lovers\\\/Equipe\\\/i-SdbN5X8\\\/0\\\/ca77fa2c\\\/L\\\/clara-L.jpg\",\"contentUrl\":\"https:\\\/\\\/photos.smugmug.com\\\/Region-Lovers\\\/Equipe\\\/i-SdbN5X8\\\/0\\\/ca77fa2c\\\/L\\\/clara-L.jpg\"},{\"@type\":\"BreadcrumbList\",\"@id\":\"https:\\\/\\\/andalucialovers.com\\\/pt-pt\\\/clara-balayer\\\/#breadcrumb\",\"itemListElement\":[{\"@type\":\"ListItem\",\"position\":1,\"name\":\"In\u00edcio\",\"item\":\"https:\\\/\\\/andalucialovers.com\\\/pt-pt\\\/\"},{\"@type\":\"ListItem\",\"position\":2,\"name\":\"Sobre Clara BALAYER\"}]},{\"@type\":\"WebSite\",\"@id\":\"https:\\\/\\\/andalucialovers.com\\\/pt-pt\\\/#website\",\"url\":\"https:\\\/\\\/andalucialovers.com\\\/pt-pt\\\/\",\"name\":\"Andalucia Lovers\",\"description\":\"Le blog de Claire et Manu\",\"publisher\":{\"@id\":\"https:\\\/\\\/andalucialovers.com\\\/pt-pt\\\/#organization\"},\"potentialAction\":[{\"@type\":\"SearchAction\",\"target\":{\"@type\":\"EntryPoint\",\"urlTemplate\":\"https:\\\/\\\/andalucialovers.com\\\/pt-pt\\\/?s={search_term_string}\"},\"query-input\":{\"@type\":\"PropertyValueSpecification\",\"valueRequired\":true,\"valueName\":\"search_term_string\"}}],\"inLanguage\":\"pt-PT\"},{\"@type\":\"Organization\",\"@id\":\"https:\\\/\\\/andalucialovers.com\\\/pt-pt\\\/#organization\",\"name\":\"Andalucia Lovers\",\"url\":\"https:\\\/\\\/andalucialovers.com\\\/pt-pt\\\/\",\"logo\":{\"@type\":\"ImageObject\",\"inLanguage\":\"pt-PT\",\"@id\":\"https:\\\/\\\/andalucialovers.com\\\/pt-pt\\\/#\\\/schema\\\/logo\\\/image\\\/\",\"url\":\"https:\\\/\\\/andalucialovers.com\\\/wp-content\\\/uploads\\\/2024\\\/05\\\/cropped-Andalucia-Lovers-Logo.png\",\"contentUrl\":\"https:\\\/\\\/andalucialovers.com\\\/wp-content\\\/uploads\\\/2024\\\/05\\\/cropped-Andalucia-Lovers-Logo.png\",\"width\":2804,\"height\":481,\"caption\":\"Andalucia Lovers\"},\"image\":{\"@id\":\"https:\\\/\\\/andalucialovers.com\\\/pt-pt\\\/#\\\/schema\\\/logo\\\/image\\\/\"}}]}<\/script>\n<!-- \/ Yoast SEO plugin. -->","yoast_head_json":{"title":"Sobre Clara BALAYER","description":"Sobre Clara Balayer, gestora de projectos editoriais na Region Lovers","robots":{"index":"index","follow":"follow","max-snippet":"max-snippet:-1","max-image-preview":"max-image-preview:large","max-video-preview":"max-video-preview:-1"},"canonical":"https:\/\/andalucialovers.com\/pt-pt\/clara-balayer\/","og_locale":"pt_PT","og_type":"article","og_title":"Sobre Clara BALAYER","og_description":"Sobre Clara Balayer, gestora de projectos editoriais na Region Lovers","og_url":"https:\/\/andalucialovers.com\/pt-pt\/clara-balayer\/","og_site_name":"Andalucia Lovers","article_modified_time":"2024-05-08T15:17:12+00:00","og_image":[{"url":"https:\/\/photos.smugmug.com\/Region-Lovers\/Equipe\/i-SdbN5X8\/0\/ca77fa2c\/L\/clara-L.jpg","type":"","width":"","height":""}],"twitter_card":"summary_large_image","twitter_misc":{"Tempo estimado de leitura":"1 minuto"},"schema":{"@context":"https:\/\/schema.org","@graph":[{"@type":"WebPage","@id":"https:\/\/andalucialovers.com\/pt-pt\/clara-balayer\/","url":"https:\/\/andalucialovers.com\/pt-pt\/clara-balayer\/","name":"Sobre Clara BALAYER","isPartOf":{"@id":"https:\/\/andalucialovers.com\/pt-pt\/#website"},"primaryImageOfPage":{"@id":"https:\/\/andalucialovers.com\/pt-pt\/clara-balayer\/#primaryimage"},"image":{"@id":"https:\/\/andalucialovers.com\/pt-pt\/clara-balayer\/#primaryimage"},"thumbnailUrl":"https:\/\/photos.smugmug.com\/Region-Lovers\/Equipe\/i-SdbN5X8\/0\/ca77fa2c\/L\/clara-L.jpg","datePublished":"2024-05-08T15:17:00+00:00","dateModified":"2024-05-08T15:17:12+00:00","description":"Sobre Clara Balayer, gestora de projectos editoriais na Region Lovers","breadcrumb":{"@id":"https:\/\/andalucialovers.com\/pt-pt\/clara-balayer\/#breadcrumb"},"inLanguage":"pt-PT","potentialAction":[{"@type":"ReadAction","target":["https:\/\/andalucialovers.com\/pt-pt\/clara-balayer\/"]}]},{"@type":"ImageObject","inLanguage":"pt-PT","@id":"https:\/\/andalucialovers.com\/pt-pt\/clara-balayer\/#primaryimage","url":"https:\/\/photos.smugmug.com\/Region-Lovers\/Equipe\/i-SdbN5X8\/0\/ca77fa2c\/L\/clara-L.jpg","contentUrl":"https:\/\/photos.smugmug.com\/Region-Lovers\/Equipe\/i-SdbN5X8\/0\/ca77fa2c\/L\/clara-L.jpg"},{"@type":"BreadcrumbList","@id":"https:\/\/andalucialovers.com\/pt-pt\/clara-balayer\/#breadcrumb","itemListElement":[{"@type":"ListItem","position":1,"name":"In\u00edcio","item":"https:\/\/andalucialovers.com\/pt-pt\/"},{"@type":"ListItem","position":2,"name":"Sobre Clara BALAYER"}]},{"@type":"WebSite","@id":"https:\/\/andalucialovers.com\/pt-pt\/#website","url":"https:\/\/andalucialovers.com\/pt-pt\/","name":"Andalucia Lovers","description":"Le blog de Claire et Manu","publisher":{"@id":"https:\/\/andalucialovers.com\/pt-pt\/#organization"},"potentialAction":[{"@type":"SearchAction","target":{"@type":"EntryPoint","urlTemplate":"https:\/\/andalucialovers.com\/pt-pt\/?s={search_term_string}"},"query-input":{"@type":"PropertyValueSpecification","valueRequired":true,"valueName":"search_term_string"}}],"inLanguage":"pt-PT"},{"@type":"Organization","@id":"https:\/\/andalucialovers.com\/pt-pt\/#organization","name":"Andalucia Lovers","url":"https:\/\/andalucialovers.com\/pt-pt\/","logo":{"@type":"ImageObject","inLanguage":"pt-PT","@id":"https:\/\/andalucialovers.com\/pt-pt\/#\/schema\/logo\/image\/","url":"https:\/\/andalucialovers.com\/wp-content\/uploads\/2024\/05\/cropped-Andalucia-Lovers-Logo.png","contentUrl":"https:\/\/andalucialovers.com\/wp-content\/uploads\/2024\/05\/cropped-Andalucia-Lovers-Logo.png","width":2804,"height":481,"caption":"Andalucia Lovers"},"image":{"@id":"https:\/\/andalucialovers.com\/pt-pt\/#\/schema\/logo\/image\/"}}]}},"featured_image_src":null,"featured_image_src_square":null,"_links":{"self":[{"href":"https:\/\/andalucialovers.com\/pt-pt\/wp-json\/wp\/v2\/pages\/296","targetHints":{"allow":["GET"]}}],"collection":[{"href":"https:\/\/andalucialovers.com\/pt-pt\/wp-json\/wp\/v2\/pages"}],"about":[{"href":"https:\/\/andalucialovers.com\/pt-pt\/wp-json\/wp\/v2\/types\/page"}],"author":[{"embeddable":true,"href":"https:\/\/andalucialovers.com\/pt-pt\/wp-json\/wp\/v2\/users\/1"}],"replies":[{"embeddable":true,"href":"https:\/\/andalucialovers.com\/pt-pt\/wp-json\/wp\/v2\/comments?post=296"}],"version-history":[{"count":0,"href":"https:\/\/andalucialovers.com\/pt-pt\/wp-json\/wp\/v2\/pages\/296\/revisions"}],"wp:attachment":[{"href":"https:\/\/andalucialovers.com\/pt-pt\/wp-json\/wp\/v2\/media?parent=296"}],"curies":[{"name":"wp","href":"https:\/\/api.w.org\/{rel}","templated":true}]}}