{"id":1851,"date":"2024-08-06T16:27:57","date_gmt":"2024-08-06T14:27:57","guid":{"rendered":"https:\/\/andalucialovers.com\/myriam-bendriss-mudibu\/"},"modified":"2024-08-06T16:29:10","modified_gmt":"2024-08-06T14:29:10","slug":"myriam-bendriss-mudibu","status":"publish","type":"page","link":"https:\/\/andalucialovers.com\/sv\/myriam-bendriss-mudibu\/","title":{"rendered":"Om Myriam BENDRISS MUDIBU"},"content":{"rendered":"\n<p>M\u00f6t Myriam, anst\u00e4lld p\u00e5 Region Lovers, ett glatt f\u00f6retag som har rest runt i v\u00e4rlden i \u00f6ver 10 \u00e5r f\u00f6r att ge dig certifierad, h\u00f6gkvalitativ och anv\u00e4ndbar information. Vi vill hj\u00e4lpa dig att g\u00f6ra de val du beh\u00f6ver f\u00f6r att skapa en resa som passar dig.<\/p>\n\n<p>Teamet har vuxit under \u00e5ren, men Myriam, liksom alla f\u00f6rfattare p\u00e5 Region Lovers, f\u00f6ljer ett ramverk och v\u00e4rderingar f\u00f6r att kunna uppfylla v\u00e5rt f\u00f6rtroendekontrakt med v\u00e5ra l\u00e4sare. Lyckligtvis \u00e4r dock varje artikel alltid en \u00e5terspegling av dess f\u00f6rfattare och hans eller hennes passioner.<\/p>\n<div class=\"wp-block-image\">\n<figure class=\"aligncenter size-large\"><img decoding=\"async\" src=\"https:\/\/photos.smugmug.com\/Region-Lovers\/Equipe\/i-2VkpKdc\/0\/DqDG7GbR6CxhqJq4M7VBQnSmkShv4QM9sWgTxgDm4\/L\/myriam-2-L.jpg\" alt=\"\"\/><\/figure>\n<\/div>\n<h2 class=\"wp-block-heading\">Hans karri\u00e4r<\/h2>\n\n<ul class=\"wp-block-list\">\n<li>5 \u00e5r p\u00e5 v\u00e4g mellan reklambyr\u00e5er och f\u00f6retagskommunikation<\/li>\n\n\n\n<li>Mer \u00e4n 3 \u00e5r i tj\u00e4nst f\u00f6r barn inom en v\u00e4lg\u00f6renhetsstiftelse<\/li>\n\n\n\n<li>Mer \u00e4n 3 \u00e5r hos ett st\u00f6rre sjukf\u00f6rs\u00e4kringsbolag<\/li>\n\n\n\n<li>Har sedan 2023 hoppat ombord p\u00e5 Region Lovers skepp och vill inte kliva av igen<\/li>\n<\/ul>\n\n<p class=\"has-text-align-left\">Uppt\u00e4ck din <a href=\"https:\/\/www.linkedin.com\/in\/myriam-mudibu-bendriss-083b4740\/\" target=\"_blank\" rel=\"noreferrer noopener\">Linkedin-profil<\/a><\/p>\n\n<h2 class=\"wp-block-heading\">Vad hon s\u00e4rskilt tycker om att skriva<\/h2>\n\n<ul class=\"wp-block-list\">\n<li>Artiklar om tr\u00e4dg\u00e5rdar och parker, eftersom hon innerst inne \u00e4r en romantiker som \u00e4lskar poetiska platser.<\/li>\n\n\n\n<li>Platser som sp\u00e4nner \u00f6ver tids\u00e5ldrar och konfronterar olika epoker, t.ex. vissa museer eller monument&#8230;<\/li>\n\n\n\n<li>Artiklar om restauranger f\u00f6r att dela med sig av unika kulinariska upplevelser till v\u00e5ra l\u00e4sare: hon \u00e4r \u00f6vertygad om att \u00e4ta gott \u00e4r en del av resandet!<\/li>\n<\/ul>\n","protected":false},"excerpt":{"rendered":"<p>M\u00f6t Myriam, anst\u00e4lld p\u00e5 Region Lovers, ett glatt f\u00f6retag som har rest runt i v\u00e4rlden i \u00f6ver 10 \u00e5r f\u00f6r att ge dig certifierad, h\u00f6gkvalitativ och anv\u00e4ndbar information. Vi vill hj\u00e4lpa dig att g\u00f6ra de val du beh\u00f6ver f\u00f6r att skapa en resa som passar dig. Teamet har vuxit under \u00e5ren, men Myriam, liksom alla [&hellip;]<\/p>\n","protected":false},"author":1,"featured_media":0,"parent":0,"menu_order":0,"comment_status":"closed","ping_status":"closed","template":"","meta":{"_genesis_hide_title":false,"_genesis_hide_breadcrumbs":false,"_genesis_hide_singular_image":false,"_genesis_hide_footer_widgets":false,"_genesis_custom_body_class":"","_genesis_custom_post_class":"","_genesis_layout":"","footnotes":""},"class_list":{"0":"post-1851","1":"page","2":"type-page","3":"status-publish","5":"entry"},"yoast_head":"<!-- This site is optimized with the Yoast SEO plugin v27.2 - https:\/\/yoast.com\/product\/yoast-seo-wordpress\/ -->\n<title>Om Myriam BENDRISS MUDIBU<\/title>\n<meta name=\"description\" content=\"Om Myriam Bendriss Mudibu, inneh\u00e5llsdirekt\u00f6r p\u00e5 Region Lovers\" \/>\n<meta name=\"robots\" content=\"index, follow, max-snippet:-1, max-image-preview:large, max-video-preview:-1\" \/>\n<link rel=\"canonical\" href=\"https:\/\/andalucialovers.com\/sv\/myriam-bendriss-mudibu\/\" \/>\n<meta property=\"og:locale\" content=\"sv_SE\" \/>\n<meta property=\"og:type\" content=\"article\" \/>\n<meta property=\"og:title\" content=\"Om Myriam BENDRISS MUDIBU\" \/>\n<meta property=\"og:description\" content=\"Om Myriam Bendriss Mudibu, inneh\u00e5llsdirekt\u00f6r p\u00e5 Region Lovers\" \/>\n<meta property=\"og:url\" content=\"https:\/\/andalucialovers.com\/sv\/myriam-bendriss-mudibu\/\" \/>\n<meta property=\"og:site_name\" content=\"Andalucia Lovers\" \/>\n<meta property=\"article:modified_time\" content=\"2024-08-06T14:29:10+00:00\" \/>\n<meta property=\"og:image\" content=\"https:\/\/photos.smugmug.com\/Region-Lovers\/Equipe\/i-2VkpKdc\/0\/DqDG7GbR6CxhqJq4M7VBQnSmkShv4QM9sWgTxgDm4\/L\/myriam-2-L.jpg\" \/>\n<meta name=\"twitter:card\" content=\"summary_large_image\" \/>\n<meta name=\"twitter:label1\" content=\"Ber\u00e4knad l\u00e4stid\" \/>\n\t<meta name=\"twitter:data1\" content=\"1 minut\" \/>\n<script type=\"application\/ld+json\" class=\"yoast-schema-graph\">{\"@context\":\"https:\/\/schema.org\",\"@graph\":[{\"@type\":\"WebPage\",\"@id\":\"https:\/\/andalucialovers.com\/sv\/myriam-bendriss-mudibu\/\",\"url\":\"https:\/\/andalucialovers.com\/sv\/myriam-bendriss-mudibu\/\",\"name\":\"Om Myriam BENDRISS MUDIBU\",\"isPartOf\":{\"@id\":\"https:\/\/andalucialovers.com\/sv\/#website\"},\"primaryImageOfPage\":{\"@id\":\"https:\/\/andalucialovers.com\/sv\/myriam-bendriss-mudibu\/#primaryimage\"},\"image\":{\"@id\":\"https:\/\/andalucialovers.com\/sv\/myriam-bendriss-mudibu\/#primaryimage\"},\"thumbnailUrl\":\"https:\/\/photos.smugmug.com\/Region-Lovers\/Equipe\/i-2VkpKdc\/0\/DqDG7GbR6CxhqJq4M7VBQnSmkShv4QM9sWgTxgDm4\/L\/myriam-2-L.jpg\",\"datePublished\":\"2024-08-06T14:27:57+00:00\",\"dateModified\":\"2024-08-06T14:29:10+00:00\",\"description\":\"Om Myriam Bendriss Mudibu, inneh\u00e5llsdirekt\u00f6r p\u00e5 Region Lovers\",\"breadcrumb\":{\"@id\":\"https:\/\/andalucialovers.com\/sv\/myriam-bendriss-mudibu\/#breadcrumb\"},\"inLanguage\":\"sv-SE\",\"potentialAction\":[{\"@type\":\"ReadAction\",\"target\":[\"https:\/\/andalucialovers.com\/sv\/myriam-bendriss-mudibu\/\"]}]},{\"@type\":\"ImageObject\",\"inLanguage\":\"sv-SE\",\"@id\":\"https:\/\/andalucialovers.com\/sv\/myriam-bendriss-mudibu\/#primaryimage\",\"url\":\"https:\/\/photos.smugmug.com\/Region-Lovers\/Equipe\/i-2VkpKdc\/0\/DqDG7GbR6CxhqJq4M7VBQnSmkShv4QM9sWgTxgDm4\/L\/myriam-2-L.jpg\",\"contentUrl\":\"https:\/\/photos.smugmug.com\/Region-Lovers\/Equipe\/i-2VkpKdc\/0\/DqDG7GbR6CxhqJq4M7VBQnSmkShv4QM9sWgTxgDm4\/L\/myriam-2-L.jpg\"},{\"@type\":\"BreadcrumbList\",\"@id\":\"https:\/\/andalucialovers.com\/sv\/myriam-bendriss-mudibu\/#breadcrumb\",\"itemListElement\":[{\"@type\":\"ListItem\",\"position\":1,\"name\":\"Accueil\",\"item\":\"https:\/\/andalucialovers.com\/sv\/\"},{\"@type\":\"ListItem\",\"position\":2,\"name\":\"Om Myriam BENDRISS MUDIBU\"}]},{\"@type\":\"WebSite\",\"@id\":\"https:\/\/andalucialovers.com\/sv\/#website\",\"url\":\"https:\/\/andalucialovers.com\/sv\/\",\"name\":\"Andalucia Lovers\",\"description\":\"Le blog de Claire et Manu\",\"publisher\":{\"@id\":\"https:\/\/andalucialovers.com\/sv\/#organization\"},\"potentialAction\":[{\"@type\":\"SearchAction\",\"target\":{\"@type\":\"EntryPoint\",\"urlTemplate\":\"https:\/\/andalucialovers.com\/sv\/?s={search_term_string}\"},\"query-input\":{\"@type\":\"PropertyValueSpecification\",\"valueRequired\":true,\"valueName\":\"search_term_string\"}}],\"inLanguage\":\"sv-SE\"},{\"@type\":\"Organization\",\"@id\":\"https:\/\/andalucialovers.com\/sv\/#organization\",\"name\":\"Andalucia Lovers\",\"url\":\"https:\/\/andalucialovers.com\/sv\/\",\"logo\":{\"@type\":\"ImageObject\",\"inLanguage\":\"sv-SE\",\"@id\":\"https:\/\/andalucialovers.com\/sv\/#\/schema\/logo\/image\/\",\"url\":\"https:\/\/andalucialovers.com\/wp-content\/uploads\/2024\/05\/cropped-Andalucia-Lovers-Logo.png\",\"contentUrl\":\"https:\/\/andalucialovers.com\/wp-content\/uploads\/2024\/05\/cropped-Andalucia-Lovers-Logo.png\",\"width\":2804,\"height\":481,\"caption\":\"Andalucia Lovers\"},\"image\":{\"@id\":\"https:\/\/andalucialovers.com\/sv\/#\/schema\/logo\/image\/\"}}]}<\/script>\n<!-- \/ Yoast SEO plugin. -->","yoast_head_json":{"title":"Om Myriam BENDRISS MUDIBU","description":"Om Myriam Bendriss Mudibu, inneh\u00e5llsdirekt\u00f6r p\u00e5 Region Lovers","robots":{"index":"index","follow":"follow","max-snippet":"max-snippet:-1","max-image-preview":"max-image-preview:large","max-video-preview":"max-video-preview:-1"},"canonical":"https:\/\/andalucialovers.com\/sv\/myriam-bendriss-mudibu\/","og_locale":"sv_SE","og_type":"article","og_title":"Om Myriam BENDRISS MUDIBU","og_description":"Om Myriam Bendriss Mudibu, inneh\u00e5llsdirekt\u00f6r p\u00e5 Region Lovers","og_url":"https:\/\/andalucialovers.com\/sv\/myriam-bendriss-mudibu\/","og_site_name":"Andalucia Lovers","article_modified_time":"2024-08-06T14:29:10+00:00","og_image":[{"url":"https:\/\/photos.smugmug.com\/Region-Lovers\/Equipe\/i-2VkpKdc\/0\/DqDG7GbR6CxhqJq4M7VBQnSmkShv4QM9sWgTxgDm4\/L\/myriam-2-L.jpg","type":"","width":"","height":""}],"twitter_card":"summary_large_image","twitter_misc":{"Ber\u00e4knad l\u00e4stid":"1 minut"},"schema":{"@context":"https:\/\/schema.org","@graph":[{"@type":"WebPage","@id":"https:\/\/andalucialovers.com\/sv\/myriam-bendriss-mudibu\/","url":"https:\/\/andalucialovers.com\/sv\/myriam-bendriss-mudibu\/","name":"Om Myriam BENDRISS MUDIBU","isPartOf":{"@id":"https:\/\/andalucialovers.com\/sv\/#website"},"primaryImageOfPage":{"@id":"https:\/\/andalucialovers.com\/sv\/myriam-bendriss-mudibu\/#primaryimage"},"image":{"@id":"https:\/\/andalucialovers.com\/sv\/myriam-bendriss-mudibu\/#primaryimage"},"thumbnailUrl":"https:\/\/photos.smugmug.com\/Region-Lovers\/Equipe\/i-2VkpKdc\/0\/DqDG7GbR6CxhqJq4M7VBQnSmkShv4QM9sWgTxgDm4\/L\/myriam-2-L.jpg","datePublished":"2024-08-06T14:27:57+00:00","dateModified":"2024-08-06T14:29:10+00:00","description":"Om Myriam Bendriss Mudibu, inneh\u00e5llsdirekt\u00f6r p\u00e5 Region Lovers","breadcrumb":{"@id":"https:\/\/andalucialovers.com\/sv\/myriam-bendriss-mudibu\/#breadcrumb"},"inLanguage":"sv-SE","potentialAction":[{"@type":"ReadAction","target":["https:\/\/andalucialovers.com\/sv\/myriam-bendriss-mudibu\/"]}]},{"@type":"ImageObject","inLanguage":"sv-SE","@id":"https:\/\/andalucialovers.com\/sv\/myriam-bendriss-mudibu\/#primaryimage","url":"https:\/\/photos.smugmug.com\/Region-Lovers\/Equipe\/i-2VkpKdc\/0\/DqDG7GbR6CxhqJq4M7VBQnSmkShv4QM9sWgTxgDm4\/L\/myriam-2-L.jpg","contentUrl":"https:\/\/photos.smugmug.com\/Region-Lovers\/Equipe\/i-2VkpKdc\/0\/DqDG7GbR6CxhqJq4M7VBQnSmkShv4QM9sWgTxgDm4\/L\/myriam-2-L.jpg"},{"@type":"BreadcrumbList","@id":"https:\/\/andalucialovers.com\/sv\/myriam-bendriss-mudibu\/#breadcrumb","itemListElement":[{"@type":"ListItem","position":1,"name":"Accueil","item":"https:\/\/andalucialovers.com\/sv\/"},{"@type":"ListItem","position":2,"name":"Om Myriam BENDRISS MUDIBU"}]},{"@type":"WebSite","@id":"https:\/\/andalucialovers.com\/sv\/#website","url":"https:\/\/andalucialovers.com\/sv\/","name":"Andalucia Lovers","description":"Le blog de Claire et Manu","publisher":{"@id":"https:\/\/andalucialovers.com\/sv\/#organization"},"potentialAction":[{"@type":"SearchAction","target":{"@type":"EntryPoint","urlTemplate":"https:\/\/andalucialovers.com\/sv\/?s={search_term_string}"},"query-input":{"@type":"PropertyValueSpecification","valueRequired":true,"valueName":"search_term_string"}}],"inLanguage":"sv-SE"},{"@type":"Organization","@id":"https:\/\/andalucialovers.com\/sv\/#organization","name":"Andalucia Lovers","url":"https:\/\/andalucialovers.com\/sv\/","logo":{"@type":"ImageObject","inLanguage":"sv-SE","@id":"https:\/\/andalucialovers.com\/sv\/#\/schema\/logo\/image\/","url":"https:\/\/andalucialovers.com\/wp-content\/uploads\/2024\/05\/cropped-Andalucia-Lovers-Logo.png","contentUrl":"https:\/\/andalucialovers.com\/wp-content\/uploads\/2024\/05\/cropped-Andalucia-Lovers-Logo.png","width":2804,"height":481,"caption":"Andalucia Lovers"},"image":{"@id":"https:\/\/andalucialovers.com\/sv\/#\/schema\/logo\/image\/"}}]}},"featured_image_src":null,"featured_image_src_square":null,"_links":{"self":[{"href":"https:\/\/andalucialovers.com\/sv\/wp-json\/wp\/v2\/pages\/1851","targetHints":{"allow":["GET"]}}],"collection":[{"href":"https:\/\/andalucialovers.com\/sv\/wp-json\/wp\/v2\/pages"}],"about":[{"href":"https:\/\/andalucialovers.com\/sv\/wp-json\/wp\/v2\/types\/page"}],"author":[{"embeddable":true,"href":"https:\/\/andalucialovers.com\/sv\/wp-json\/wp\/v2\/users\/1"}],"replies":[{"embeddable":true,"href":"https:\/\/andalucialovers.com\/sv\/wp-json\/wp\/v2\/comments?post=1851"}],"version-history":[{"count":0,"href":"https:\/\/andalucialovers.com\/sv\/wp-json\/wp\/v2\/pages\/1851\/revisions"}],"wp:attachment":[{"href":"https:\/\/andalucialovers.com\/sv\/wp-json\/wp\/v2\/media?parent=1851"}],"curies":[{"name":"wp","href":"https:\/\/api.w.org\/{rel}","templated":true}]}}