{"id":289,"date":"2024-05-08T17:15:17","date_gmt":"2024-05-08T15:15:17","guid":{"rendered":"https:\/\/andalucialovers.com\/fanny-auffret\/"},"modified":"2024-05-08T17:15:30","modified_gmt":"2024-05-08T15:15:30","slug":"fanny-auffret","status":"publish","type":"page","link":"https:\/\/andalucialovers.com\/sv\/fanny-auffret\/","title":{"rendered":"Om Fanny AUFFRET"},"content":{"rendered":"\n<p>M\u00f6t Fanny, en anst\u00e4lld p\u00e5 Region Lovers, ett glatt f\u00f6retag som har rest runt i v\u00e4rlden i \u00f6ver 10 \u00e5r f\u00f6r att ge dig certifierad, kvalitativ och anv\u00e4ndbar information. Vi vill hj\u00e4lpa dig att g\u00f6ra de val du beh\u00f6ver f\u00f6r att skapa en resa som passar dig.<\/p>\n\n<p>Teamet har vuxit under \u00e5ren, men Fanny, liksom alla f\u00f6rfattare till Region Lovers, respekterar ett ramverk och v\u00e4rderingar f\u00f6r att uppfylla v\u00e5rt f\u00f6rtroendekontrakt med v\u00e5ra l\u00e4sare. Lyckligtvis \u00e4r dock varje artikel alltid en \u00e5terspegling av dess f\u00f6rfattare och hans eller hennes passioner.<\/p>\n<div class=\"wp-block-image\">\n<figure class=\"aligncenter size-large\"><img decoding=\"async\" src=\"https:\/\/photos.smugmug.com\/Region-Lovers\/Equipe\/i-b86hwDm\/0\/6733e593\/L\/fanny-L.jpg\" alt=\"\"\/><\/figure>\n<\/div>\n<h2 class=\"wp-block-heading\">Hans karri\u00e4r<\/h2>\n\n<ul class=\"wp-block-list\">\n<li>Kulturinriktad utbildning (kandidatexamen i konsthistoria och magisterexamen i kulturarvsf\u00f6rvaltning och turismutveckling).<\/li>\n\n\n\n<li>Yrkeserfarenhet fr\u00e5n olika strukturer inom kultursektorn (Rodinmuseet, Paris museer, etc.).  <\/li>\n\n\n\n<li>Hon ansl\u00f6t sig till Region Lovers \u00e4ventyr i april 2023!<\/li>\n<\/ul>\n\n<p class=\"has-text-align-left\">Uppt\u00e4ck din <a href=\"https:\/\/www.linkedin.com\/in\/fanny-auffret-6377b11a7\/\" target=\"_blank\" rel=\"noreferrer noopener\">Linkedin-profil<\/a><\/p>\n\n<h2 class=\"wp-block-heading\">Vad hon s\u00e4rskilt tycker om att skriva<\/h2>\n\n<ul class=\"wp-block-list\">\n<li>Artiklar om museer, slott och katedraler f\u00f6r att dela med sig av sin passion f\u00f6r konsthistoria.<\/li>\n\n\n\n<li>Artiklar om vinterdestinationer, eftersom hon \u00e4r ett fan av resor under l\u00e5gs\u00e4song!  <\/li>\n\n\n\n<li>Artiklarna \u00e4r v\u00e4l v\u00e4rda att l\u00e4sa och ger en sammanfattning av resm\u00e5lets f\u00f6rdelar: de \u00e4r perfekta f\u00f6r att inspirera dig och hj\u00e4lpa dig att v\u00e4lja din n\u00e4sta resa!  <\/li>\n<\/ul>\n","protected":false},"excerpt":{"rendered":"<p>M\u00f6t Fanny, en anst\u00e4lld p\u00e5 Region Lovers, ett glatt f\u00f6retag som har rest runt i v\u00e4rlden i \u00f6ver 10 \u00e5r f\u00f6r att ge dig certifierad, kvalitativ och anv\u00e4ndbar information. Vi vill hj\u00e4lpa dig att g\u00f6ra de val du beh\u00f6ver f\u00f6r att skapa en resa som passar dig. Teamet har vuxit under \u00e5ren, men Fanny, liksom [&hellip;]<\/p>\n","protected":false},"author":1,"featured_media":0,"parent":0,"menu_order":0,"comment_status":"closed","ping_status":"closed","template":"","meta":{"_genesis_hide_title":false,"_genesis_hide_breadcrumbs":false,"_genesis_hide_singular_image":false,"_genesis_hide_footer_widgets":false,"_genesis_custom_body_class":"","_genesis_custom_post_class":"","_genesis_layout":"","footnotes":""},"class_list":{"0":"post-289","1":"page","2":"type-page","3":"status-publish","5":"entry"},"yoast_head":"<!-- This site is optimized with the Yoast SEO plugin v27.2 - https:\/\/yoast.com\/product\/yoast-seo-wordpress\/ -->\n<title>Om Fanny AUFFRET<\/title>\n<meta name=\"description\" content=\"Om Fanny Auffret, redaktionell projektledare p\u00e5 Region Lovers\" \/>\n<meta name=\"robots\" content=\"index, follow, max-snippet:-1, max-image-preview:large, max-video-preview:-1\" \/>\n<link rel=\"canonical\" href=\"https:\/\/andalucialovers.com\/sv\/fanny-auffret\/\" \/>\n<meta property=\"og:locale\" content=\"sv_SE\" \/>\n<meta property=\"og:type\" content=\"article\" \/>\n<meta property=\"og:title\" content=\"Om Fanny AUFFRET\" \/>\n<meta property=\"og:description\" content=\"Om Fanny Auffret, redaktionell projektledare p\u00e5 Region Lovers\" \/>\n<meta property=\"og:url\" content=\"https:\/\/andalucialovers.com\/sv\/fanny-auffret\/\" \/>\n<meta property=\"og:site_name\" content=\"Andalucia Lovers\" \/>\n<meta property=\"article:modified_time\" content=\"2024-05-08T15:15:30+00:00\" \/>\n<meta property=\"og:image\" content=\"https:\/\/photos.smugmug.com\/Region-Lovers\/Equipe\/i-b86hwDm\/0\/6733e593\/L\/fanny-L.jpg\" \/>\n<meta name=\"twitter:card\" content=\"summary_large_image\" \/>\n<meta name=\"twitter:label1\" content=\"Ber\u00e4knad l\u00e4stid\" \/>\n\t<meta name=\"twitter:data1\" content=\"1 minut\" \/>\n<script type=\"application\/ld+json\" class=\"yoast-schema-graph\">{\"@context\":\"https:\/\/schema.org\",\"@graph\":[{\"@type\":\"WebPage\",\"@id\":\"https:\/\/andalucialovers.com\/sv\/fanny-auffret\/\",\"url\":\"https:\/\/andalucialovers.com\/sv\/fanny-auffret\/\",\"name\":\"Om Fanny AUFFRET\",\"isPartOf\":{\"@id\":\"https:\/\/andalucialovers.com\/sv\/#website\"},\"primaryImageOfPage\":{\"@id\":\"https:\/\/andalucialovers.com\/sv\/fanny-auffret\/#primaryimage\"},\"image\":{\"@id\":\"https:\/\/andalucialovers.com\/sv\/fanny-auffret\/#primaryimage\"},\"thumbnailUrl\":\"https:\/\/photos.smugmug.com\/Region-Lovers\/Equipe\/i-b86hwDm\/0\/6733e593\/L\/fanny-L.jpg\",\"datePublished\":\"2024-05-08T15:15:17+00:00\",\"dateModified\":\"2024-05-08T15:15:30+00:00\",\"description\":\"Om Fanny Auffret, redaktionell projektledare p\u00e5 Region Lovers\",\"breadcrumb\":{\"@id\":\"https:\/\/andalucialovers.com\/sv\/fanny-auffret\/#breadcrumb\"},\"inLanguage\":\"sv-SE\",\"potentialAction\":[{\"@type\":\"ReadAction\",\"target\":[\"https:\/\/andalucialovers.com\/sv\/fanny-auffret\/\"]}]},{\"@type\":\"ImageObject\",\"inLanguage\":\"sv-SE\",\"@id\":\"https:\/\/andalucialovers.com\/sv\/fanny-auffret\/#primaryimage\",\"url\":\"https:\/\/photos.smugmug.com\/Region-Lovers\/Equipe\/i-b86hwDm\/0\/6733e593\/L\/fanny-L.jpg\",\"contentUrl\":\"https:\/\/photos.smugmug.com\/Region-Lovers\/Equipe\/i-b86hwDm\/0\/6733e593\/L\/fanny-L.jpg\"},{\"@type\":\"BreadcrumbList\",\"@id\":\"https:\/\/andalucialovers.com\/sv\/fanny-auffret\/#breadcrumb\",\"itemListElement\":[{\"@type\":\"ListItem\",\"position\":1,\"name\":\"Accueil\",\"item\":\"https:\/\/andalucialovers.com\/sv\/\"},{\"@type\":\"ListItem\",\"position\":2,\"name\":\"Om Fanny AUFFRET\"}]},{\"@type\":\"WebSite\",\"@id\":\"https:\/\/andalucialovers.com\/sv\/#website\",\"url\":\"https:\/\/andalucialovers.com\/sv\/\",\"name\":\"Andalucia Lovers\",\"description\":\"Le blog de Claire et Manu\",\"publisher\":{\"@id\":\"https:\/\/andalucialovers.com\/sv\/#organization\"},\"potentialAction\":[{\"@type\":\"SearchAction\",\"target\":{\"@type\":\"EntryPoint\",\"urlTemplate\":\"https:\/\/andalucialovers.com\/sv\/?s={search_term_string}\"},\"query-input\":{\"@type\":\"PropertyValueSpecification\",\"valueRequired\":true,\"valueName\":\"search_term_string\"}}],\"inLanguage\":\"sv-SE\"},{\"@type\":\"Organization\",\"@id\":\"https:\/\/andalucialovers.com\/sv\/#organization\",\"name\":\"Andalucia Lovers\",\"url\":\"https:\/\/andalucialovers.com\/sv\/\",\"logo\":{\"@type\":\"ImageObject\",\"inLanguage\":\"sv-SE\",\"@id\":\"https:\/\/andalucialovers.com\/sv\/#\/schema\/logo\/image\/\",\"url\":\"https:\/\/andalucialovers.com\/wp-content\/uploads\/2024\/05\/cropped-Andalucia-Lovers-Logo.png\",\"contentUrl\":\"https:\/\/andalucialovers.com\/wp-content\/uploads\/2024\/05\/cropped-Andalucia-Lovers-Logo.png\",\"width\":2804,\"height\":481,\"caption\":\"Andalucia Lovers\"},\"image\":{\"@id\":\"https:\/\/andalucialovers.com\/sv\/#\/schema\/logo\/image\/\"}}]}<\/script>\n<!-- \/ Yoast SEO plugin. -->","yoast_head_json":{"title":"Om Fanny AUFFRET","description":"Om Fanny Auffret, redaktionell projektledare p\u00e5 Region Lovers","robots":{"index":"index","follow":"follow","max-snippet":"max-snippet:-1","max-image-preview":"max-image-preview:large","max-video-preview":"max-video-preview:-1"},"canonical":"https:\/\/andalucialovers.com\/sv\/fanny-auffret\/","og_locale":"sv_SE","og_type":"article","og_title":"Om Fanny AUFFRET","og_description":"Om Fanny Auffret, redaktionell projektledare p\u00e5 Region Lovers","og_url":"https:\/\/andalucialovers.com\/sv\/fanny-auffret\/","og_site_name":"Andalucia Lovers","article_modified_time":"2024-05-08T15:15:30+00:00","og_image":[{"url":"https:\/\/photos.smugmug.com\/Region-Lovers\/Equipe\/i-b86hwDm\/0\/6733e593\/L\/fanny-L.jpg","type":"","width":"","height":""}],"twitter_card":"summary_large_image","twitter_misc":{"Ber\u00e4knad l\u00e4stid":"1 minut"},"schema":{"@context":"https:\/\/schema.org","@graph":[{"@type":"WebPage","@id":"https:\/\/andalucialovers.com\/sv\/fanny-auffret\/","url":"https:\/\/andalucialovers.com\/sv\/fanny-auffret\/","name":"Om Fanny AUFFRET","isPartOf":{"@id":"https:\/\/andalucialovers.com\/sv\/#website"},"primaryImageOfPage":{"@id":"https:\/\/andalucialovers.com\/sv\/fanny-auffret\/#primaryimage"},"image":{"@id":"https:\/\/andalucialovers.com\/sv\/fanny-auffret\/#primaryimage"},"thumbnailUrl":"https:\/\/photos.smugmug.com\/Region-Lovers\/Equipe\/i-b86hwDm\/0\/6733e593\/L\/fanny-L.jpg","datePublished":"2024-05-08T15:15:17+00:00","dateModified":"2024-05-08T15:15:30+00:00","description":"Om Fanny Auffret, redaktionell projektledare p\u00e5 Region Lovers","breadcrumb":{"@id":"https:\/\/andalucialovers.com\/sv\/fanny-auffret\/#breadcrumb"},"inLanguage":"sv-SE","potentialAction":[{"@type":"ReadAction","target":["https:\/\/andalucialovers.com\/sv\/fanny-auffret\/"]}]},{"@type":"ImageObject","inLanguage":"sv-SE","@id":"https:\/\/andalucialovers.com\/sv\/fanny-auffret\/#primaryimage","url":"https:\/\/photos.smugmug.com\/Region-Lovers\/Equipe\/i-b86hwDm\/0\/6733e593\/L\/fanny-L.jpg","contentUrl":"https:\/\/photos.smugmug.com\/Region-Lovers\/Equipe\/i-b86hwDm\/0\/6733e593\/L\/fanny-L.jpg"},{"@type":"BreadcrumbList","@id":"https:\/\/andalucialovers.com\/sv\/fanny-auffret\/#breadcrumb","itemListElement":[{"@type":"ListItem","position":1,"name":"Accueil","item":"https:\/\/andalucialovers.com\/sv\/"},{"@type":"ListItem","position":2,"name":"Om Fanny AUFFRET"}]},{"@type":"WebSite","@id":"https:\/\/andalucialovers.com\/sv\/#website","url":"https:\/\/andalucialovers.com\/sv\/","name":"Andalucia Lovers","description":"Le blog de Claire et Manu","publisher":{"@id":"https:\/\/andalucialovers.com\/sv\/#organization"},"potentialAction":[{"@type":"SearchAction","target":{"@type":"EntryPoint","urlTemplate":"https:\/\/andalucialovers.com\/sv\/?s={search_term_string}"},"query-input":{"@type":"PropertyValueSpecification","valueRequired":true,"valueName":"search_term_string"}}],"inLanguage":"sv-SE"},{"@type":"Organization","@id":"https:\/\/andalucialovers.com\/sv\/#organization","name":"Andalucia Lovers","url":"https:\/\/andalucialovers.com\/sv\/","logo":{"@type":"ImageObject","inLanguage":"sv-SE","@id":"https:\/\/andalucialovers.com\/sv\/#\/schema\/logo\/image\/","url":"https:\/\/andalucialovers.com\/wp-content\/uploads\/2024\/05\/cropped-Andalucia-Lovers-Logo.png","contentUrl":"https:\/\/andalucialovers.com\/wp-content\/uploads\/2024\/05\/cropped-Andalucia-Lovers-Logo.png","width":2804,"height":481,"caption":"Andalucia Lovers"},"image":{"@id":"https:\/\/andalucialovers.com\/sv\/#\/schema\/logo\/image\/"}}]}},"featured_image_src":null,"featured_image_src_square":null,"_links":{"self":[{"href":"https:\/\/andalucialovers.com\/sv\/wp-json\/wp\/v2\/pages\/289","targetHints":{"allow":["GET"]}}],"collection":[{"href":"https:\/\/andalucialovers.com\/sv\/wp-json\/wp\/v2\/pages"}],"about":[{"href":"https:\/\/andalucialovers.com\/sv\/wp-json\/wp\/v2\/types\/page"}],"author":[{"embeddable":true,"href":"https:\/\/andalucialovers.com\/sv\/wp-json\/wp\/v2\/users\/1"}],"replies":[{"embeddable":true,"href":"https:\/\/andalucialovers.com\/sv\/wp-json\/wp\/v2\/comments?post=289"}],"version-history":[{"count":0,"href":"https:\/\/andalucialovers.com\/sv\/wp-json\/wp\/v2\/pages\/289\/revisions"}],"wp:attachment":[{"href":"https:\/\/andalucialovers.com\/sv\/wp-json\/wp\/v2\/media?parent=289"}],"curies":[{"name":"wp","href":"https:\/\/api.w.org\/{rel}","templated":true}]}}