{"id":358,"date":"2024-05-14T13:20:09","date_gmt":"2024-05-14T11:20:09","guid":{"rendered":"https:\/\/andalucialovers.com\/ebok-guide-road-trip-andalusien\/"},"modified":"2024-06-29T11:02:00","modified_gmt":"2024-06-29T09:02:00","slug":"ebok-guide-road-trip-andalusien","status":"publish","type":"page","link":"https:\/\/andalucialovers.com\/sv\/ebok-guide-road-trip-andalusien\/","title":{"rendered":"Guide f\u00f6r Road Trip: Andalusien (eBook)"},"content":{"rendered":"\n<div class=\"wp-block-columns alignwide is-layout-flex wp-container-core-columns-is-layout-9d6595d7 wp-block-columns-is-layout-flex\">\n<div class=\"wp-block-column titre_guide is-layout-flow wp-block-column-is-layout-flow\">\n<p><\/p>\n\n\n\n<h2 class=\"wp-block-heading\"><strong>F\u00e5 ut det mesta av din tid i Andalusien!<\/strong><\/h2>\n\n\n\n<hr class=\"wp-block-separator has-alpha-channel-opacity is-style-wide\"\/>\n\n\n\n<p class=\"has-text-align-left titre_guide has-theme-primary-color has-text-color\" style=\"line-height:1.5\">Som <strong> <span style=\"text-decoration: underline;\">mer \u00e4n 1.200 l\u00e4sare<\/span><\/strong>, dyk in i en av v\u00e5ra guider f\u00f6r att planera din resa. <br>Och n\u00e4r du v\u00e4l \u00e4r i Andalusien beh\u00f6ver du bara l\u00e5ta dig \u00f6verv\u00e4ldigas av sk\u00f6nheten!<\/p>\n\n\n\n<hr class=\"wp-block-separator has-alpha-channel-opacity\"\/>\n<\/div>\n<\/div>\n\n\n\n<div class=\"wp-block-columns alignwide is-layout-flex wp-container-core-columns-is-layout-9d6595d7 wp-block-columns-is-layout-flex\">\n<div class=\"wp-block-column is-layout-flow wp-block-column-is-layout-flow\"><div class=\"wp-block-image\">\n<figure class=\"aligncenter size-full\"><img loading=\"lazy\" decoding=\"async\" width=\"500\" height=\"375\" src=\"https:\/\/andalucialovers.com\/wp-content\/uploads\/2024\/06\/Road-trip-Guide-Andalucia-eBook-cover-5.jpg\" alt=\"Andalusien reseguide eBook Omslag\" class=\"wp-image-325\" srcset=\"https:\/\/andalucialovers.com\/wp-content\/uploads\/2024\/06\/Road-trip-Guide-Andalucia-eBook-cover-5.jpg 500w, https:\/\/andalucialovers.com\/wp-content\/uploads\/2024\/06\/Road-trip-Guide-Andalucia-eBook-cover-5-300x225.jpg 300w\" sizes=\"auto, (max-width: 500px) 100vw, 500px\" \/><\/figure>\n<\/div><\/div>\n\n\n\n<div class=\"wp-block-column is-layout-flow wp-block-column-is-layout-flow\">\n<p id=\"bloc_visuel_guide\">Frustrerad \u00f6ver de \u00f6verbelastade klassiska guiderna? F\u00e5 bilder men tusentals platser, som om man hade flera \u00e5r p\u00e5 sig att bes\u00f6ka&#8230;<\/p>\n\n\n\n<p>Med v\u00e5r guide kan du enkelt planera din perfekta bilresa utan att missa de vackraste platserna p\u00e5 denna destination.<br><strong>Direkt p\u00e5 din dator, telefon eller surfplatta har du tillg\u00e5ng<\/strong> till:<\/p>\n\n\n\n<ul class=\"wp-block-list\">\n<li>V\u00e5r korta lista \u00f6ver de <span style=\"text-decoration: underline;\">mest otroliga platserna <\/span>i Andalusien.<\/li>\n\n\n\n<li><span style=\"text-decoration: underline;\">F\u00e4ngslande bilder<\/span> som hj\u00e4lper dig att avg\u00f6ra om du ska stanna h\u00e4r.<\/li>\n\n\n\n<li><span style=\"text-decoration: underline;\">Kartor<\/span> som hj\u00e4lper dig att hitta dem och planera din rutt.<\/li>\n\n\n\n<li><strong> <\/strong><span style=\"text-decoration: underline;\">praktisk information<\/span> som hj\u00e4lper dig att f\u00e5 ut mesta m\u00f6jliga av din tid.<\/li>\n\n\n\n<li><span style=\"text-decoration: underline;\">GPS-koordinater<\/span> f\u00f6r parkeringsplatser f\u00f6r att undvika tidsspillan.<\/li>\n<\/ul>\n<\/div>\n<\/div>\n\n\n\n<p>Tyv\u00e4rr, v\u00e5r guide finns \u00e4nnu inte tillg\u00e4nglig p\u00e5 svenska<\/p>\n\n\n\n<p>Du kan k\u00f6pa den:<\/p>\n\n\n\n<ul class=\"wp-block-list\">\n<li><a href=\"https:\/\/andalucialovers.com\/en\/ebook-guide-road-trip-andalucia\/\">p\u00e5 engelska<\/a><\/li>\n\n\n\n<li><a href=\"https:\/\/andalucialovers.com\/ebook-guide-road-trip-andalousie\/\">p\u00e5 franska<\/a><\/li>\n\n\n\n<li><a href=\"https:\/\/andalucialovers.com\/de\/ebook-guide-road-trip-andalusien\/\">p\u00e5 tyska<\/a><\/li>\n\n\n\n<li><a href=\"https:\/\/andalucialovers.com\/es\/ebook-guia-viaje-andalucia\/\">p\u00e5 spanska<\/a><\/li>\n<\/ul>\n","protected":false},"excerpt":{"rendered":"<p>F\u00e5 ut det mesta av din tid i Andalusien! Som mer \u00e4n 1.200 l\u00e4sare, dyk in i en av v\u00e5ra guider f\u00f6r att planera din resa. Och n\u00e4r du v\u00e4l \u00e4r i Andalusien beh\u00f6ver du bara l\u00e5ta dig \u00f6verv\u00e4ldigas av sk\u00f6nheten! Frustrerad \u00f6ver de \u00f6verbelastade klassiska guiderna? F\u00e5 bilder men tusentals platser, som om man [&hellip;]<\/p>\n","protected":false},"author":1,"featured_media":325,"parent":0,"menu_order":0,"comment_status":"closed","ping_status":"closed","template":"page-templates\/lp-modele.php","meta":{"_genesis_hide_title":false,"_genesis_hide_breadcrumbs":false,"_genesis_hide_singular_image":false,"_genesis_hide_footer_widgets":false,"_genesis_custom_body_class":"","_genesis_custom_post_class":"","_genesis_layout":"full-width-content","footnotes":""},"class_list":{"0":"post-358","1":"page","2":"type-page","3":"status-publish","4":"has-post-thumbnail","6":"entry"},"yoast_head":"<!-- This site is optimized with the Yoast SEO plugin v27.2 - https:\/\/yoast.com\/product\/yoast-seo-wordpress\/ -->\n<title>Guide f\u00f6r Road Trip: Andalusien (eBook)<\/title>\n<meta name=\"description\" content=\"Uppt\u00e4ck den b\u00e4sta guiden f\u00f6r din road trip i Andalusien: f\u00f6rvalda platser, f\u00f6renklade kartor, foton ...\" \/>\n<meta name=\"robots\" content=\"index, follow, max-snippet:-1, max-image-preview:large, max-video-preview:-1\" \/>\n<link rel=\"canonical\" href=\"https:\/\/andalucialovers.com\/sv\/ebok-guide-road-trip-andalusien\/\" \/>\n<meta property=\"og:locale\" content=\"sv_SE\" \/>\n<meta property=\"og:type\" content=\"article\" \/>\n<meta property=\"og:title\" content=\"Guide f\u00f6r Road Trip: Andalusien (eBook)\" \/>\n<meta property=\"og:description\" content=\"Uppt\u00e4ck den b\u00e4sta guiden f\u00f6r din road trip i Andalusien: f\u00f6rvalda platser, f\u00f6renklade kartor, foton ...\" \/>\n<meta property=\"og:url\" content=\"https:\/\/andalucialovers.com\/sv\/ebok-guide-road-trip-andalusien\/\" \/>\n<meta property=\"og:site_name\" content=\"Andalucia Lovers\" \/>\n<meta property=\"article:modified_time\" content=\"2024-06-29T09:02:00+00:00\" \/>\n<meta property=\"og:image\" content=\"https:\/\/andalucialovers.com\/wp-content\/uploads\/2024\/05\/Medium-Andalousie-guide-voyage-eBook-Cover.jpg\" \/>\n\t<meta property=\"og:image:width\" content=\"500\" \/>\n\t<meta property=\"og:image:height\" content=\"375\" \/>\n\t<meta property=\"og:image:type\" content=\"image\/jpeg\" \/>\n<meta name=\"twitter:card\" content=\"summary_large_image\" \/>\n<meta name=\"twitter:label1\" content=\"Ber\u00e4knad l\u00e4stid\" \/>\n\t<meta name=\"twitter:data1\" content=\"2 minuter\" \/>\n<script type=\"application\/ld+json\" class=\"yoast-schema-graph\">{\"@context\":\"https:\/\/schema.org\",\"@graph\":[{\"@type\":\"WebPage\",\"@id\":\"https:\/\/andalucialovers.com\/sv\/ebok-guide-road-trip-andalusien\/\",\"url\":\"https:\/\/andalucialovers.com\/sv\/ebok-guide-road-trip-andalusien\/\",\"name\":\"Guide f\u00f6r Road Trip: Andalusien (eBook)\",\"isPartOf\":{\"@id\":\"https:\/\/andalucialovers.com\/sv\/#website\"},\"primaryImageOfPage\":{\"@id\":\"https:\/\/andalucialovers.com\/sv\/ebok-guide-road-trip-andalusien\/#primaryimage\"},\"image\":{\"@id\":\"https:\/\/andalucialovers.com\/sv\/ebok-guide-road-trip-andalusien\/#primaryimage\"},\"thumbnailUrl\":\"https:\/\/andalucialovers.com\/wp-content\/uploads\/2024\/06\/Road-trip-Guide-Andalucia-eBook-cover-5.jpg\",\"datePublished\":\"2024-05-14T11:20:09+00:00\",\"dateModified\":\"2024-06-29T09:02:00+00:00\",\"description\":\"Uppt\u00e4ck den b\u00e4sta guiden f\u00f6r din road trip i Andalusien: f\u00f6rvalda platser, f\u00f6renklade kartor, foton ...\",\"breadcrumb\":{\"@id\":\"https:\/\/andalucialovers.com\/sv\/ebok-guide-road-trip-andalusien\/#breadcrumb\"},\"inLanguage\":\"sv-SE\",\"potentialAction\":[{\"@type\":\"ReadAction\",\"target\":[\"https:\/\/andalucialovers.com\/sv\/ebok-guide-road-trip-andalusien\/\"]}]},{\"@type\":\"ImageObject\",\"inLanguage\":\"sv-SE\",\"@id\":\"https:\/\/andalucialovers.com\/sv\/ebok-guide-road-trip-andalusien\/#primaryimage\",\"url\":\"https:\/\/andalucialovers.com\/wp-content\/uploads\/2024\/06\/Road-trip-Guide-Andalucia-eBook-cover-5.jpg\",\"contentUrl\":\"https:\/\/andalucialovers.com\/wp-content\/uploads\/2024\/06\/Road-trip-Guide-Andalucia-eBook-cover-5.jpg\",\"width\":500,\"height\":375,\"caption\":\"Road trip Guide Andalucia eBook cover\"},{\"@type\":\"BreadcrumbList\",\"@id\":\"https:\/\/andalucialovers.com\/sv\/ebok-guide-road-trip-andalusien\/#breadcrumb\",\"itemListElement\":[{\"@type\":\"ListItem\",\"position\":1,\"name\":\"Accueil\",\"item\":\"https:\/\/andalucialovers.com\/sv\/\"},{\"@type\":\"ListItem\",\"position\":2,\"name\":\"Guide f\u00f6r Road Trip: Andalusien (eBook)\"}]},{\"@type\":\"WebSite\",\"@id\":\"https:\/\/andalucialovers.com\/sv\/#website\",\"url\":\"https:\/\/andalucialovers.com\/sv\/\",\"name\":\"Andalucia Lovers\",\"description\":\"Le blog de Claire et Manu\",\"publisher\":{\"@id\":\"https:\/\/andalucialovers.com\/sv\/#organization\"},\"potentialAction\":[{\"@type\":\"SearchAction\",\"target\":{\"@type\":\"EntryPoint\",\"urlTemplate\":\"https:\/\/andalucialovers.com\/sv\/?s={search_term_string}\"},\"query-input\":{\"@type\":\"PropertyValueSpecification\",\"valueRequired\":true,\"valueName\":\"search_term_string\"}}],\"inLanguage\":\"sv-SE\"},{\"@type\":\"Organization\",\"@id\":\"https:\/\/andalucialovers.com\/sv\/#organization\",\"name\":\"Andalucia Lovers\",\"url\":\"https:\/\/andalucialovers.com\/sv\/\",\"logo\":{\"@type\":\"ImageObject\",\"inLanguage\":\"sv-SE\",\"@id\":\"https:\/\/andalucialovers.com\/sv\/#\/schema\/logo\/image\/\",\"url\":\"https:\/\/andalucialovers.com\/wp-content\/uploads\/2024\/05\/cropped-Andalucia-Lovers-Logo.png\",\"contentUrl\":\"https:\/\/andalucialovers.com\/wp-content\/uploads\/2024\/05\/cropped-Andalucia-Lovers-Logo.png\",\"width\":2804,\"height\":481,\"caption\":\"Andalucia Lovers\"},\"image\":{\"@id\":\"https:\/\/andalucialovers.com\/sv\/#\/schema\/logo\/image\/\"}}]}<\/script>\n<!-- \/ Yoast SEO plugin. -->","yoast_head_json":{"title":"Guide f\u00f6r Road Trip: Andalusien (eBook)","description":"Uppt\u00e4ck den b\u00e4sta guiden f\u00f6r din road trip i Andalusien: f\u00f6rvalda platser, f\u00f6renklade kartor, foton ...","robots":{"index":"index","follow":"follow","max-snippet":"max-snippet:-1","max-image-preview":"max-image-preview:large","max-video-preview":"max-video-preview:-1"},"canonical":"https:\/\/andalucialovers.com\/sv\/ebok-guide-road-trip-andalusien\/","og_locale":"sv_SE","og_type":"article","og_title":"Guide f\u00f6r Road Trip: Andalusien (eBook)","og_description":"Uppt\u00e4ck den b\u00e4sta guiden f\u00f6r din road trip i Andalusien: f\u00f6rvalda platser, f\u00f6renklade kartor, foton ...","og_url":"https:\/\/andalucialovers.com\/sv\/ebok-guide-road-trip-andalusien\/","og_site_name":"Andalucia Lovers","article_modified_time":"2024-06-29T09:02:00+00:00","og_image":[{"width":500,"height":375,"url":"https:\/\/andalucialovers.com\/wp-content\/uploads\/2024\/05\/Medium-Andalousie-guide-voyage-eBook-Cover.jpg","type":"image\/jpeg"}],"twitter_card":"summary_large_image","twitter_misc":{"Ber\u00e4knad l\u00e4stid":"2 minuter"},"schema":{"@context":"https:\/\/schema.org","@graph":[{"@type":"WebPage","@id":"https:\/\/andalucialovers.com\/sv\/ebok-guide-road-trip-andalusien\/","url":"https:\/\/andalucialovers.com\/sv\/ebok-guide-road-trip-andalusien\/","name":"Guide f\u00f6r Road Trip: Andalusien (eBook)","isPartOf":{"@id":"https:\/\/andalucialovers.com\/sv\/#website"},"primaryImageOfPage":{"@id":"https:\/\/andalucialovers.com\/sv\/ebok-guide-road-trip-andalusien\/#primaryimage"},"image":{"@id":"https:\/\/andalucialovers.com\/sv\/ebok-guide-road-trip-andalusien\/#primaryimage"},"thumbnailUrl":"https:\/\/andalucialovers.com\/wp-content\/uploads\/2024\/06\/Road-trip-Guide-Andalucia-eBook-cover-5.jpg","datePublished":"2024-05-14T11:20:09+00:00","dateModified":"2024-06-29T09:02:00+00:00","description":"Uppt\u00e4ck den b\u00e4sta guiden f\u00f6r din road trip i Andalusien: f\u00f6rvalda platser, f\u00f6renklade kartor, foton ...","breadcrumb":{"@id":"https:\/\/andalucialovers.com\/sv\/ebok-guide-road-trip-andalusien\/#breadcrumb"},"inLanguage":"sv-SE","potentialAction":[{"@type":"ReadAction","target":["https:\/\/andalucialovers.com\/sv\/ebok-guide-road-trip-andalusien\/"]}]},{"@type":"ImageObject","inLanguage":"sv-SE","@id":"https:\/\/andalucialovers.com\/sv\/ebok-guide-road-trip-andalusien\/#primaryimage","url":"https:\/\/andalucialovers.com\/wp-content\/uploads\/2024\/06\/Road-trip-Guide-Andalucia-eBook-cover-5.jpg","contentUrl":"https:\/\/andalucialovers.com\/wp-content\/uploads\/2024\/06\/Road-trip-Guide-Andalucia-eBook-cover-5.jpg","width":500,"height":375,"caption":"Road trip Guide Andalucia eBook cover"},{"@type":"BreadcrumbList","@id":"https:\/\/andalucialovers.com\/sv\/ebok-guide-road-trip-andalusien\/#breadcrumb","itemListElement":[{"@type":"ListItem","position":1,"name":"Accueil","item":"https:\/\/andalucialovers.com\/sv\/"},{"@type":"ListItem","position":2,"name":"Guide f\u00f6r Road Trip: Andalusien (eBook)"}]},{"@type":"WebSite","@id":"https:\/\/andalucialovers.com\/sv\/#website","url":"https:\/\/andalucialovers.com\/sv\/","name":"Andalucia Lovers","description":"Le blog de Claire et Manu","publisher":{"@id":"https:\/\/andalucialovers.com\/sv\/#organization"},"potentialAction":[{"@type":"SearchAction","target":{"@type":"EntryPoint","urlTemplate":"https:\/\/andalucialovers.com\/sv\/?s={search_term_string}"},"query-input":{"@type":"PropertyValueSpecification","valueRequired":true,"valueName":"search_term_string"}}],"inLanguage":"sv-SE"},{"@type":"Organization","@id":"https:\/\/andalucialovers.com\/sv\/#organization","name":"Andalucia Lovers","url":"https:\/\/andalucialovers.com\/sv\/","logo":{"@type":"ImageObject","inLanguage":"sv-SE","@id":"https:\/\/andalucialovers.com\/sv\/#\/schema\/logo\/image\/","url":"https:\/\/andalucialovers.com\/wp-content\/uploads\/2024\/05\/cropped-Andalucia-Lovers-Logo.png","contentUrl":"https:\/\/andalucialovers.com\/wp-content\/uploads\/2024\/05\/cropped-Andalucia-Lovers-Logo.png","width":2804,"height":481,"caption":"Andalucia Lovers"},"image":{"@id":"https:\/\/andalucialovers.com\/sv\/#\/schema\/logo\/image\/"}}]}},"featured_image_src":"https:\/\/andalucialovers.com\/wp-content\/uploads\/2024\/06\/Road-trip-Guide-Andalucia-eBook-cover-5.jpg","featured_image_src_square":"https:\/\/andalucialovers.com\/wp-content\/uploads\/2024\/06\/Road-trip-Guide-Andalucia-eBook-cover-5.jpg","_links":{"self":[{"href":"https:\/\/andalucialovers.com\/sv\/wp-json\/wp\/v2\/pages\/358","targetHints":{"allow":["GET"]}}],"collection":[{"href":"https:\/\/andalucialovers.com\/sv\/wp-json\/wp\/v2\/pages"}],"about":[{"href":"https:\/\/andalucialovers.com\/sv\/wp-json\/wp\/v2\/types\/page"}],"author":[{"embeddable":true,"href":"https:\/\/andalucialovers.com\/sv\/wp-json\/wp\/v2\/users\/1"}],"replies":[{"embeddable":true,"href":"https:\/\/andalucialovers.com\/sv\/wp-json\/wp\/v2\/comments?post=358"}],"version-history":[{"count":0,"href":"https:\/\/andalucialovers.com\/sv\/wp-json\/wp\/v2\/pages\/358\/revisions"}],"wp:featuredmedia":[{"embeddable":true,"href":"https:\/\/andalucialovers.com\/sv\/wp-json\/wp\/v2\/media\/325"}],"wp:attachment":[{"href":"https:\/\/andalucialovers.com\/sv\/wp-json\/wp\/v2\/media?parent=358"}],"curies":[{"name":"wp","href":"https:\/\/api.w.org\/{rel}","templated":true}]}}